{"id":1036,"date":"2025-12-09T02:03:37","date_gmt":"2025-12-09T02:03:37","guid":{"rendered":"https:\/\/luearaujo.com\/?page_id=1036"},"modified":"2026-02-17T20:25:51","modified_gmt":"2026-02-17T20:25:51","slug":"formulario-quantum-synergy","status":"publish","type":"page","link":"https:\/\/luearaujo.com\/en\/formulario-quantum-synergy\/","title":{"rendered":"Formulario Quantum Synergy"},"content":{"rendered":"<div data-elementor-type=\"wp-page\" data-elementor-id=\"1036\" class=\"elementor elementor-1036\" data-elementor-post-type=\"page\">\n\t\t\t\t<div class=\"elementor-element elementor-element-e4a96b3 e-flex e-con-boxed e-con e-parent\" data-id=\"e4a96b3\" data-element_type=\"container\" data-e-type=\"container\">\n\t\t\t\t\t<div class=\"e-con-inner\">\n\t\t<div class=\"elementor-element elementor-element-a9cb227 e-con-full e-flex e-con e-child\" data-id=\"a9cb227\" data-element_type=\"container\" data-e-type=\"container\" data-settings=\"{&quot;background_background&quot;:&quot;classic&quot;}\">\n\t\t\t\t<div class=\"elementor-element elementor-element-8740119 elementor-widget elementor-widget-image\" data-id=\"8740119\" data-element_type=\"widget\" data-e-type=\"widget\" data-widget_type=\"image.default\">\n\t\t\t\t\t\t\t\t\t\t\t\t\t\t\t<img fetchpriority=\"high\" decoding=\"async\" width=\"800\" height=\"103\" src=\"https:\/\/luearaujo.com\/wp-content\/uploads\/2025\/12\/logo-boost-mind-by-lue-araujo-1024x132.webp\" class=\"attachment-large size-large wp-image-1739\" alt=\"\" srcset=\"https:\/\/luearaujo.com\/wp-content\/uploads\/2025\/12\/logo-boost-mind-by-lue-araujo-1024x132.webp 1024w, https:\/\/luearaujo.com\/wp-content\/uploads\/2025\/12\/logo-boost-mind-by-lue-araujo-300x39.webp 300w, https:\/\/luearaujo.com\/wp-content\/uploads\/2025\/12\/logo-boost-mind-by-lue-araujo-768x99.webp 768w, https:\/\/luearaujo.com\/wp-content\/uploads\/2025\/12\/logo-boost-mind-by-lue-araujo.webp 1161w\" sizes=\"(max-width: 800px) 100vw, 800px\" \/>\t\t\t\t\t\t\t\t\t\t\t\t\t\t\t<\/div>\n\t\t\t\t<div class=\"elementor-element elementor-element-9861156 elementor-widget elementor-widget-button\" data-id=\"9861156\" data-element_type=\"widget\" data-e-type=\"widget\" data-widget_type=\"button.default\">\n\t\t\t\t\t\t\t\t\t\t<a class=\"elementor-button elementor-button-link elementor-size-sm\" href=\"https:\/\/luearaujo.com\/en\/\">\n\t\t\t\t\t\t<span class=\"elementor-button-content-wrapper\">\n\t\t\t\t\t\t<span class=\"elementor-button-icon\">\n\t\t\t\t<svg aria-hidden=\"true\" class=\"e-font-icon-svg e-fas-arrow-left\" viewbox=\"0 0 448 512\" xmlns=\"http:\/\/www.w3.org\/2000\/svg\"><path d=\"M257.5 445.1l-22.2 22.2c-9.4 9.4-24.6 9.4-33.9 0L7 273c-9.4-9.4-9.4-24.6 0-33.9L201.4 44.7c9.4-9.4 24.6-9.4 33.9 0l22.2 22.2c9.5 9.5 9.3 25-.4 34.3L136.6 216H424c13.3 0 24 10.7 24 24v32c0 13.3-10.7 24-24 24H136.6l120.5 114.8c9.8 9.3 10 24.8.4 34.3z\"><\/path><\/svg>\t\t\t<\/span>\n\t\t\t\t\t\t\t\t\t<span class=\"elementor-button-text\">Volver al inicio<\/span>\n\t\t\t\t\t<\/span>\n\t\t\t\t\t<\/a>\n\t\t\t\t\t\t\t\t<\/div>\n\t\t\t\t<\/div>\n\t\t<div class=\"elementor-element elementor-element-de9bb58 e-con-full e-flex e-con e-child\" data-id=\"de9bb58\" data-element_type=\"container\" data-e-type=\"container\" data-settings=\"{&quot;background_background&quot;:&quot;classic&quot;}\">\n\t\t\t\t<div class=\"elementor-element elementor-element-d0d4d32 elementor-widget elementor-widget-heading\" data-id=\"d0d4d32\" data-element_type=\"widget\" data-e-type=\"widget\" data-widget_type=\"heading.default\">\n\t\t\t\t\t<h1 class=\"elementor-heading-title elementor-size-default\">Quantum Synergy\u200b<\/h1>\t\t\t\t<\/div>\n\t\t\t\t<div class=\"elementor-element elementor-element-556b3ab elementor-widget elementor-widget-text-editor\" data-id=\"556b3ab\" data-element_type=\"widget\" data-e-type=\"widget\" data-widget_type=\"text-editor.default\">\n\t\t\t\t\t\t\t\t\t<p>Programa transformacional para empresas tailor-made que permite crear equipos de alto rendimiento alineados con la visi\u00f3n organizacional.<\/p>\t\t\t\t\t\t\t\t<\/div>\n\t\t\t\t<div class=\"elementor-element elementor-element-548793a elementor-widget-divider--view-line elementor-widget elementor-widget-divider\" data-id=\"548793a\" data-element_type=\"widget\" data-e-type=\"widget\" data-widget_type=\"divider.default\">\n\t\t\t\t\t\t\t<div class=\"elementor-divider\">\n\t\t\t<span class=\"elementor-divider-separator\">\n\t\t\t\t\t\t<\/span>\n\t\t<\/div>\n\t\t\t\t\t\t<\/div>\n\t\t\t\t<div class=\"elementor-element elementor-element-d5d185a elementor-widget elementor-widget-heading\" data-id=\"d5d185a\" data-element_type=\"widget\" data-e-type=\"widget\" data-widget_type=\"heading.default\">\n\t\t\t\t\t<h2 class=\"elementor-heading-title elementor-size-default\">Completa el siguiente formulario para comenzar con tu transformaci\u00f3n:<\/h2>\t\t\t\t<\/div>\n\t\t\t\t<div class=\"elementor-element elementor-element-4db5579 elementor-button-align-stretch elementor-widget elementor-widget-form\" data-id=\"4db5579\" data-element_type=\"widget\" data-e-type=\"widget\" data-settings=\"{&quot;step_next_label&quot;:&quot;Next&quot;,&quot;step_previous_label&quot;:&quot;Previous&quot;,&quot;button_width&quot;:&quot;100&quot;,&quot;step_type&quot;:&quot;number_text&quot;,&quot;step_icon_shape&quot;:&quot;circle&quot;}\" data-widget_type=\"form.default\">\n\t\t\t\t\t\t\t<form class=\"elementor-form\" method=\"post\" name=\"Formulario Quantum Synergy\" aria-label=\"Formulario Quantum Synergy\" action=\"\">\n\t\t\t<input type=\"hidden\" name=\"post_id\" value=\"1036\"\/>\n\t\t\t<input type=\"hidden\" name=\"form_id\" value=\"4db5579\"\/>\n\t\t\t<input type=\"hidden\" name=\"referer_title\" value=\"Formulario Quantum Synergy - Lue Araujo\" \/>\n\n\t\t\t\t\t\t\t<input type=\"hidden\" name=\"queried_id\" value=\"1036\"\/>\n\t\t\t\n\t\t\t<div class=\"elementor-form-fields-wrapper elementor-labels-above\">\n\t\t\t\t\t\t\t\t<div class=\"elementor-field-type-radio elementor-field-group elementor-column elementor-field-group-name elementor-col-100 elementor-field-required\">\n\t\t\t\t\t\t\t\t\t\t\t\t<label for=\"form-field-name\" class=\"elementor-field-label\">\n\t\t\t\t\t\t\t\t1. \u00bfCu\u00e1l es el s\u00edntoma principal que les indica que el equipo NO est\u00e1 alineado con una \"Visi\u00f3n 10X\"?\t\t\t\t\t\t\t<\/label>\n\t\t\t\t\t\t<div class=\"elementor-field-subgroup\"><span class=\"elementor-field-option\"><input type=\"radio\" value=\"A) Silos y Desconexi\u00f3n: Cada l\u00edder cuida su \u00e1rea, pero no hay una visi\u00f3n compartida del futuro.\" id=\"form-field-name-0\" name=\"form_fields[name]\" required=\"required\"> <label for=\"form-field-name-0\">A) Silos y Desconexi\u00f3n: Cada l\u00edder cuida su \u00e1rea, pero no hay una visi\u00f3n compartida del futuro.<\/label><\/span><span class=\"elementor-field-option\"><input type=\"radio\" value=\"B) Estancamiento: Seguimos operando igual que hace 3 a\u00f1os; protegemos el pasado en lugar de dise\u00f1ar el futuro.\" id=\"form-field-name-1\" name=\"form_fields[name]\" required=\"required\"> <label for=\"form-field-name-1\">B) Estancamiento: Seguimos operando igual que hace 3 a\u00f1os; protegemos el pasado en lugar de dise\u00f1ar el futuro.<\/label><\/span><span class=\"elementor-field-option\"><input type=\"radio\" value=\"C) Clima Laboral: Hay conflictos interpersonales y baja moral en los equipos.\" id=\"form-field-name-2\" name=\"form_fields[name]\" required=\"required\"> <label for=\"form-field-name-2\">C) Clima Laboral: Hay conflictos interpersonales y baja moral en los equipos.<\/label><\/span><\/div>\t\t\t\t<\/div>\n\t\t\t\t\t\t\t\t<div class=\"elementor-field-type-radio elementor-field-group elementor-column elementor-field-group-field_d8677d8 elementor-col-100 elementor-field-required\">\n\t\t\t\t\t\t\t\t\t\t\t\t<label for=\"form-field-field_d8677d8\" class=\"elementor-field-label\">\n\t\t\t\t\t\t\t\t2. \u00bfA qui\u00e9nes buscamos impactar con esta intervenci\u00f3n?\t\t\t\t\t\t\t<\/label>\n\t\t\t\t\t\t<div class=\"elementor-field-subgroup\"><span class=\"elementor-field-option\"><input type=\"radio\" value=\"A) C-Suite y Directores: Quienes definen el rumbo estrat\u00e9gico de la organizaci\u00f3n.\" id=\"form-field-field_d8677d8-0\" name=\"form_fields[field_d8677d8]\" required=\"required\"> <label for=\"form-field-field_d8677d8-0\">A) C-Suite y Directores: Quienes definen el rumbo estrat\u00e9gico de la organizaci\u00f3n.<\/label><\/span><span class=\"elementor-field-option\"><input type=\"radio\" value=\"B) Mandos Medios y Gerentes de \u00c1rea: Quienes ejecutan la t\u00e1ctica.\" id=\"form-field-field_d8677d8-1\" name=\"form_fields[field_d8677d8]\" required=\"required\"> <label for=\"form-field-field_d8677d8-1\">B) Mandos Medios y Gerentes de \u00c1rea: Quienes ejecutan la t\u00e1ctica.<\/label><\/span><span class=\"elementor-field-option\"><input type=\"radio\" value=\"C) Toda el equipo: Buscamos una charla motivacional masiva. (Esto ayuda a diferenciar si quieren consultor\u00eda o un speaker).\" id=\"form-field-field_d8677d8-2\" name=\"form_fields[field_d8677d8]\" required=\"required\"> <label for=\"form-field-field_d8677d8-2\">C) Toda el equipo: Buscamos una charla motivacional masiva. (Esto ayuda a diferenciar si quieren consultor\u00eda o un speaker).<\/label><\/span><\/div>\t\t\t\t<\/div>\n\t\t\t\t\t\t\t\t<div class=\"elementor-field-type-radio elementor-field-group elementor-column elementor-field-group-field_d334a25 elementor-col-100 elementor-field-required\">\n\t\t\t\t\t\t\t\t\t\t\t\t<label for=\"form-field-field_d334a25\" class=\"elementor-field-label\">\n\t\t\t\t\t\t\t\t3. \u00bfCu\u00e1l es tu rol en la toma de decisi\u00f3n para contratar este programa \"Tailor-made\"?\t\t\t\t\t\t\t<\/label>\n\t\t\t\t\t\t<div class=\"elementor-field-subgroup\"><span class=\"elementor-field-option\"><input type=\"radio\" value=\"A) Decisor Final (CEO \/ Due\u00f1o \/ Presidente).\" id=\"form-field-field_d334a25-0\" name=\"form_fields[field_d334a25]\" required=\"required\"> <label for=\"form-field-field_d334a25-0\">A) Decisor Final (CEO \/ Due\u00f1o \/ Presidente).<\/label><\/span><span class=\"elementor-field-option\"><input type=\"radio\" value=\"B) Influenciador Clave (VP de RRHH \/ Director de Talento) con presupuesto asignado.\" id=\"form-field-field_d334a25-1\" name=\"form_fields[field_d334a25]\" required=\"required\"> <label for=\"form-field-field_d334a25-1\">B) Influenciador Clave (VP de RRHH \/ Director de Talento) con presupuesto asignado.<\/label><\/span><span class=\"elementor-field-option\"><input type=\"radio\" value=\"C) Explorador (Analista \/ Coordinador) recopilando opciones para presentar.\" id=\"form-field-field_d334a25-2\" name=\"form_fields[field_d334a25]\" required=\"required\"> <label for=\"form-field-field_d334a25-2\">C) Explorador (Analista \/ Coordinador) recopilando opciones para presentar.<\/label><\/span><\/div>\t\t\t\t<\/div>\n\t\t\t\t\t\t\t\t<div class=\"elementor-field-type-radio elementor-field-group elementor-column elementor-field-group-field_1f9b562 elementor-col-100 elementor-field-required\">\n\t\t\t\t\t\t\t\t\t\t\t\t<label for=\"form-field-field_1f9b562\" class=\"elementor-field-label\">\n\t\t\t\t\t\t\t\t4. \u00bfQu\u00e9 resultado tangible har\u00eda que esta inversi\u00f3n fuera un \u00e9xito rotundo para la empresa?\t\t\t\t\t\t\t<\/label>\n\t\t\t\t\t\t<div class=\"elementor-field-subgroup\"><span class=\"elementor-field-option\"><input type=\"radio\" value=\"A) Que el equipo ejecutivo recupere la &quot;Imaginaci\u00f3n Estrat\u00e9gica&quot; y defina un nuevo norte claro.\" id=\"form-field-field_1f9b562-0\" name=\"form_fields[field_1f9b562]\" required=\"required\"> <label for=\"form-field-field_1f9b562-0\">A) Que el equipo ejecutivo recupere la \"Imaginaci\u00f3n Estrat\u00e9gica\" y defina un nuevo norte claro.<\/label><\/span><span class=\"elementor-field-option\"><input type=\"radio\" value=\"B) Aumentar la velocidad de ejecuci\u00f3n y toma de decisiones en un X%.\" id=\"form-field-field_1f9b562-1\" name=\"form_fields[field_1f9b562]\" required=\"required\"> <label for=\"form-field-field_1f9b562-1\">B) Aumentar la velocidad de ejecuci\u00f3n y toma de decisiones en un X%.<\/label><\/span><span class=\"elementor-field-option\"><input type=\"radio\" value=\"C) Que la gente est\u00e9 m\u00e1s contenta y haya menos rotaci\u00f3n.\" id=\"form-field-field_1f9b562-2\" name=\"form_fields[field_1f9b562]\" required=\"required\"> <label for=\"form-field-field_1f9b562-2\">C) Que la gente est\u00e9 m\u00e1s contenta y haya menos rotaci\u00f3n.<\/label><\/span><\/div>\t\t\t\t<\/div>\n\t\t\t\t\t\t\t\t<div class=\"elementor-field-type-radio elementor-field-group elementor-column elementor-field-group-field_9b682fa elementor-col-100 elementor-field-required\">\n\t\t\t\t\t\t\t\t\t\t\t\t<label for=\"form-field-field_9b682fa\" class=\"elementor-field-label\">\n\t\t\t\t\t\t\t\t5. \u00bfHan invertido anteriormente en metodolog\u00edas de alto nivel (tipo Harvard, PGI, etc.)?\t\t\t\t\t\t\t<\/label>\n\t\t\t\t\t\t<div class=\"elementor-field-subgroup\"><span class=\"elementor-field-option\"><input type=\"radio\" value=\"A) S\u00ed, invertimos regularmente en consultor\u00eda de \u00e9lite y conocemos el valor de estos procesos.\" id=\"form-field-field_9b682fa-0\" name=\"form_fields[field_9b682fa]\" required=\"required\"> <label for=\"form-field-field_9b682fa-0\">A) S\u00ed, invertimos regularmente en consultor\u00eda de \u00e9lite y conocemos el valor de estos procesos.<\/label><\/span><span class=\"elementor-field-option\"><input type=\"radio\" value=\"B) Hemos hecho capacitaciones est\u00e1ndar, pero buscamos algo m\u00e1s profundo y transformador.\" id=\"form-field-field_9b682fa-1\" name=\"form_fields[field_9b682fa]\" required=\"required\"> <label for=\"form-field-field_9b682fa-1\">B) Hemos hecho capacitaciones est\u00e1ndar, pero buscamos algo m\u00e1s profundo y transformador.<\/label><\/span><span class=\"elementor-field-option\"><input type=\"radio\" value=\"C) No, solemos manejar todo internamente.\" id=\"form-field-field_9b682fa-2\" name=\"form_fields[field_9b682fa]\" required=\"required\"> <label for=\"form-field-field_9b682fa-2\">C) No, solemos manejar todo internamente.<\/label><\/span><\/div>\t\t\t\t<\/div>\n\t\t\t\t\t\t\t\t<div class=\"elementor-field-type-email elementor-field-group elementor-column elementor-field-group-email elementor-col-100 elementor-field-required\">\n\t\t\t\t\t\t\t\t\t\t\t\t<label for=\"form-field-email\" class=\"elementor-field-label\">\n\t\t\t\t\t\t\t\tEmail\t\t\t\t\t\t\t<\/label>\n\t\t\t\t\t\t\t\t\t\t\t\t\t\t<input size=\"1\" type=\"email\" name=\"form_fields[email]\" id=\"form-field-email\" class=\"elementor-field elementor-size-md  elementor-field-textual\" required=\"required\">\n\t\t\t\t\t\t\t\t\t\t\t<\/div>\n\t\t\t\t\t\t\t\t<div class=\"elementor-field-type-text\">\n\t\t\t\t\t<input size=\"1\" type=\"text\" name=\"form_fields[field_0f7b084]\" id=\"form-field-field_0f7b084\" class=\"elementor-field elementor-size-md\" style=\"display:none !important;\">\t\t\t\t<\/div>\n\t\t\t\t\t\t\t\t<div class=\"elementor-field-group elementor-column elementor-field-type-submit elementor-col-100 e-form__buttons\">\n\t\t\t\t\t<button class=\"elementor-button elementor-size-sm\" type=\"submit\">\n\t\t\t\t\t\t<span class=\"elementor-button-content-wrapper\">\n\t\t\t\t\t\t\t\t\t\t\t\t\t\t\t\t\t\t\t\t\t\t<span class=\"elementor-button-text\">Iniciar transformaci\u00f3n<\/span>\n\t\t\t\t\t\t\t\t\t\t\t\t\t<\/span>\n\t\t\t\t\t<\/button>\n\t\t\t\t<\/div>\n\t\t\t<\/div>\n\t\t<input type=\"hidden\" name=\"trp-form-language\" value=\"en\"\/><\/form>\n\t\t\t\t\t\t<\/div>\n\t\t\t\t<\/div>\n\t\t\t\t\t<\/div>\n\t\t\t\t<\/div>\n\t\t\t\t<\/div>","protected":false},"excerpt":{"rendered":"<p>Volver al inicio Quantum Synergy\u200b Programa transformacional para empresas tailor-made que permite crear equipos de alto rendimiento alineados con la visi\u00f3n organizacional. Completa el siguiente formulario para comenzar con tu transformaci\u00f3n:<\/p>","protected":false},"author":1,"featured_media":0,"parent":0,"menu_order":0,"comment_status":"closed","ping_status":"closed","template":"elementor_canvas","meta":{"content-type":"","footnotes":""},"class_list":["post-1036","page","type-page","status-publish","hentry"],"yoast_head":"<!-- This site is optimized with the Yoast SEO plugin v27.2 - https:\/\/yoast.com\/product\/yoast-seo-wordpress\/ -->\n<title>Formulario Quantum Synergy - Lue Araujo<\/title>\n<meta name=\"robots\" content=\"index, follow, max-snippet:-1, max-image-preview:large, max-video-preview:-1\" \/>\n<link rel=\"canonical\" href=\"https:\/\/luearaujo.com\/en\/formulario-quantum-synergy\/\" \/>\n<meta property=\"og:locale\" content=\"en_US\" \/>\n<meta property=\"og:type\" content=\"article\" \/>\n<meta property=\"og:title\" content=\"Formulario Quantum Synergy - Lue Araujo\" \/>\n<meta property=\"og:description\" content=\"Volver al inicio Quantum Synergy\u200b Programa transformacional para empresas tailor-made que permite crear equipos de alto rendimiento alineados con la visi\u00f3n organizacional. Completa el siguiente formulario para comenzar con tu transformaci\u00f3n:\" \/>\n<meta property=\"og:url\" content=\"https:\/\/luearaujo.com\/en\/formulario-quantum-synergy\/\" \/>\n<meta property=\"og:site_name\" content=\"Lue Araujo\" \/>\n<meta property=\"article:modified_time\" content=\"2026-02-17T20:25:51+00:00\" \/>\n<meta property=\"og:image\" content=\"https:\/\/luearaujo.com\/wp-content\/uploads\/2025\/12\/logo-boost-mind-by-lue-araujo.webp\" \/>\n\t<meta property=\"og:image:width\" content=\"1161\" \/>\n\t<meta property=\"og:image:height\" content=\"150\" \/>\n\t<meta property=\"og:image:type\" content=\"image\/webp\" \/>\n<meta name=\"twitter:card\" content=\"summary_large_image\" \/>\n<meta name=\"twitter:label1\" content=\"Est. reading time\" \/>\n\t<meta name=\"twitter:data1\" content=\"2 minutes\" \/>\n<script type=\"application\/ld+json\" class=\"yoast-schema-graph\">{\"@context\":\"https:\/\/schema.org\",\"@graph\":[{\"@type\":\"WebPage\",\"@id\":\"https:\/\/luearaujo.com\/formulario-quantum-synergy\/\",\"url\":\"https:\/\/luearaujo.com\/formulario-quantum-synergy\/\",\"name\":\"Formulario Quantum Synergy - Lue Araujo\",\"isPartOf\":{\"@id\":\"https:\/\/luearaujo.com\/#website\"},\"primaryImageOfPage\":{\"@id\":\"https:\/\/luearaujo.com\/formulario-quantum-synergy\/#primaryimage\"},\"image\":{\"@id\":\"https:\/\/luearaujo.com\/formulario-quantum-synergy\/#primaryimage\"},\"thumbnailUrl\":\"https:\/\/luearaujo.com\/wp-content\/uploads\/2025\/12\/logo-boost-mind-by-lue-araujo-1024x132.webp\",\"datePublished\":\"2025-12-09T02:03:37+00:00\",\"dateModified\":\"2026-02-17T20:25:51+00:00\",\"breadcrumb\":{\"@id\":\"https:\/\/luearaujo.com\/formulario-quantum-synergy\/#breadcrumb\"},\"inLanguage\":\"en-US\",\"potentialAction\":[{\"@type\":\"ReadAction\",\"target\":[\"https:\/\/luearaujo.com\/formulario-quantum-synergy\/\"]}]},{\"@type\":\"ImageObject\",\"inLanguage\":\"en-US\",\"@id\":\"https:\/\/luearaujo.com\/formulario-quantum-synergy\/#primaryimage\",\"url\":\"https:\/\/luearaujo.com\/wp-content\/uploads\/2025\/12\/logo-boost-mind-by-lue-araujo-1024x132.webp\",\"contentUrl\":\"https:\/\/luearaujo.com\/wp-content\/uploads\/2025\/12\/logo-boost-mind-by-lue-araujo-1024x132.webp\"},{\"@type\":\"BreadcrumbList\",\"@id\":\"https:\/\/luearaujo.com\/formulario-quantum-synergy\/#breadcrumb\",\"itemListElement\":[{\"@type\":\"ListItem\",\"position\":1,\"name\":\"Portada\",\"item\":\"https:\/\/luearaujo.com\/\"},{\"@type\":\"ListItem\",\"position\":2,\"name\":\"Formulario Quantum Synergy\"}]},{\"@type\":\"WebSite\",\"@id\":\"https:\/\/luearaujo.com\/#website\",\"url\":\"https:\/\/luearaujo.com\/\",\"name\":\"Lue Araujo\",\"description\":\"| Transformaci\u00f3n de Mindset para L\u00edderes Visionarios\",\"publisher\":{\"@id\":\"https:\/\/luearaujo.com\/#organization\"},\"potentialAction\":[{\"@type\":\"SearchAction\",\"target\":{\"@type\":\"EntryPoint\",\"urlTemplate\":\"https:\/\/luearaujo.com\/?s={search_term_string}\"},\"query-input\":{\"@type\":\"PropertyValueSpecification\",\"valueRequired\":true,\"valueName\":\"search_term_string\"}}],\"inLanguage\":\"en-US\"},{\"@type\":\"Organization\",\"@id\":\"https:\/\/luearaujo.com\/#organization\",\"name\":\"Lue Araujo\",\"url\":\"https:\/\/luearaujo.com\/\",\"logo\":{\"@type\":\"ImageObject\",\"inLanguage\":\"en-US\",\"@id\":\"https:\/\/luearaujo.com\/#\/schema\/logo\/image\/\",\"url\":\"https:\/\/luearaujo.com\/wp-content\/uploads\/2025\/12\/Logo_Master-Signature_positivo-scaled.png\",\"contentUrl\":\"https:\/\/luearaujo.com\/wp-content\/uploads\/2025\/12\/Logo_Master-Signature_positivo-scaled.png\",\"width\":2560,\"height\":472,\"caption\":\"Lue Araujo\"},\"image\":{\"@id\":\"https:\/\/luearaujo.com\/#\/schema\/logo\/image\/\"},\"sameAs\":[\"https:\/\/www.instagram.com\/luearaujo\/\",\"https:\/\/www.linkedin.com\/in\/luearaujo\/\",\"https:\/\/www.youtube.com\/@lue_araujo\"]}]}<\/script>\n<!-- \/ Yoast SEO plugin. -->","yoast_head_json":{"title":"Formulario Quantum Synergy - Lue Araujo","robots":{"index":"index","follow":"follow","max-snippet":"max-snippet:-1","max-image-preview":"max-image-preview:large","max-video-preview":"max-video-preview:-1"},"canonical":"https:\/\/luearaujo.com\/en\/formulario-quantum-synergy\/","og_locale":"en_US","og_type":"article","og_title":"Formulario Quantum Synergy - Lue Araujo","og_description":"Volver al inicio Quantum Synergy\u200b Programa transformacional para empresas tailor-made que permite crear equipos de alto rendimiento alineados con la visi\u00f3n organizacional. Completa el siguiente formulario para comenzar con tu transformaci\u00f3n:","og_url":"https:\/\/luearaujo.com\/en\/formulario-quantum-synergy\/","og_site_name":"Lue Araujo","article_modified_time":"2026-02-17T20:25:51+00:00","og_image":[{"width":1161,"height":150,"url":"https:\/\/luearaujo.com\/wp-content\/uploads\/2025\/12\/logo-boost-mind-by-lue-araujo.webp","type":"image\/webp"}],"twitter_card":"summary_large_image","twitter_misc":{"Est. reading time":"2 minutes"},"schema":{"@context":"https:\/\/schema.org","@graph":[{"@type":"WebPage","@id":"https:\/\/luearaujo.com\/formulario-quantum-synergy\/","url":"https:\/\/luearaujo.com\/formulario-quantum-synergy\/","name":"Formulario Quantum Synergy - Lue Araujo","isPartOf":{"@id":"https:\/\/luearaujo.com\/#website"},"primaryImageOfPage":{"@id":"https:\/\/luearaujo.com\/formulario-quantum-synergy\/#primaryimage"},"image":{"@id":"https:\/\/luearaujo.com\/formulario-quantum-synergy\/#primaryimage"},"thumbnailUrl":"https:\/\/luearaujo.com\/wp-content\/uploads\/2025\/12\/logo-boost-mind-by-lue-araujo-1024x132.webp","datePublished":"2025-12-09T02:03:37+00:00","dateModified":"2026-02-17T20:25:51+00:00","breadcrumb":{"@id":"https:\/\/luearaujo.com\/formulario-quantum-synergy\/#breadcrumb"},"inLanguage":"en-US","potentialAction":[{"@type":"ReadAction","target":["https:\/\/luearaujo.com\/formulario-quantum-synergy\/"]}]},{"@type":"ImageObject","inLanguage":"en-US","@id":"https:\/\/luearaujo.com\/formulario-quantum-synergy\/#primaryimage","url":"https:\/\/luearaujo.com\/wp-content\/uploads\/2025\/12\/logo-boost-mind-by-lue-araujo-1024x132.webp","contentUrl":"https:\/\/luearaujo.com\/wp-content\/uploads\/2025\/12\/logo-boost-mind-by-lue-araujo-1024x132.webp"},{"@type":"BreadcrumbList","@id":"https:\/\/luearaujo.com\/formulario-quantum-synergy\/#breadcrumb","itemListElement":[{"@type":"ListItem","position":1,"name":"Portada","item":"https:\/\/luearaujo.com\/"},{"@type":"ListItem","position":2,"name":"Formulario Quantum Synergy"}]},{"@type":"WebSite","@id":"https:\/\/luearaujo.com\/#website","url":"https:\/\/luearaujo.com\/","name":"Lue Araujo","description":"| Transformaci\u00f3n de Mindset para L\u00edderes Visionarios","publisher":{"@id":"https:\/\/luearaujo.com\/#organization"},"potentialAction":[{"@type":"SearchAction","target":{"@type":"EntryPoint","urlTemplate":"https:\/\/luearaujo.com\/?s={search_term_string}"},"query-input":{"@type":"PropertyValueSpecification","valueRequired":true,"valueName":"search_term_string"}}],"inLanguage":"en-US"},{"@type":"Organization","@id":"https:\/\/luearaujo.com\/#organization","name":"Lue Araujo","url":"https:\/\/luearaujo.com\/","logo":{"@type":"ImageObject","inLanguage":"en-US","@id":"https:\/\/luearaujo.com\/#\/schema\/logo\/image\/","url":"https:\/\/luearaujo.com\/wp-content\/uploads\/2025\/12\/Logo_Master-Signature_positivo-scaled.png","contentUrl":"https:\/\/luearaujo.com\/wp-content\/uploads\/2025\/12\/Logo_Master-Signature_positivo-scaled.png","width":2560,"height":472,"caption":"Lue Araujo"},"image":{"@id":"https:\/\/luearaujo.com\/#\/schema\/logo\/image\/"},"sameAs":["https:\/\/www.instagram.com\/luearaujo\/","https:\/\/www.linkedin.com\/in\/luearaujo\/","https:\/\/www.youtube.com\/@lue_araujo"]}]}},"_links":{"self":[{"href":"https:\/\/luearaujo.com\/en\/wp-json\/wp\/v2\/pages\/1036","targetHints":{"allow":["GET"]}}],"collection":[{"href":"https:\/\/luearaujo.com\/en\/wp-json\/wp\/v2\/pages"}],"about":[{"href":"https:\/\/luearaujo.com\/en\/wp-json\/wp\/v2\/types\/page"}],"author":[{"embeddable":true,"href":"https:\/\/luearaujo.com\/en\/wp-json\/wp\/v2\/users\/1"}],"replies":[{"embeddable":true,"href":"https:\/\/luearaujo.com\/en\/wp-json\/wp\/v2\/comments?post=1036"}],"version-history":[{"count":15,"href":"https:\/\/luearaujo.com\/en\/wp-json\/wp\/v2\/pages\/1036\/revisions"}],"predecessor-version":[{"id":2859,"href":"https:\/\/luearaujo.com\/en\/wp-json\/wp\/v2\/pages\/1036\/revisions\/2859"}],"wp:attachment":[{"href":"https:\/\/luearaujo.com\/en\/wp-json\/wp\/v2\/media?parent=1036"}],"curies":[{"name":"wp","href":"https:\/\/api.w.org\/{rel}","templated":true}]}}