{"id":1035,"date":"2025-12-09T02:03:24","date_gmt":"2025-12-09T02:03:24","guid":{"rendered":"https:\/\/luearaujo.com\/?page_id=1035"},"modified":"2026-02-17T20:25:51","modified_gmt":"2026-02-17T20:25:51","slug":"formulario-quantum-growth","status":"publish","type":"page","link":"https:\/\/luearaujo.com\/en\/formulario-quantum-growth\/","title":{"rendered":"Formulario Quantum Growth"},"content":{"rendered":"<div data-elementor-type=\"wp-page\" data-elementor-id=\"1035\" class=\"elementor elementor-1035\" data-elementor-post-type=\"page\">\n\t\t\t\t<div class=\"elementor-element elementor-element-2acaeb7 e-flex e-con-boxed e-con e-parent\" data-id=\"2acaeb7\" data-element_type=\"container\" data-e-type=\"container\">\n\t\t\t\t\t<div class=\"e-con-inner\">\n\t\t<div class=\"elementor-element elementor-element-4dc98bf e-con-full e-flex e-con e-child\" data-id=\"4dc98bf\" data-element_type=\"container\" data-e-type=\"container\" data-settings=\"{&quot;background_background&quot;:&quot;classic&quot;}\">\n\t\t\t\t<div class=\"elementor-element elementor-element-779aa42 elementor-widget elementor-widget-image\" data-id=\"779aa42\" data-element_type=\"widget\" data-e-type=\"widget\" data-widget_type=\"image.default\">\n\t\t\t\t\t\t\t\t\t\t\t\t\t\t\t<img fetchpriority=\"high\" decoding=\"async\" width=\"800\" height=\"103\" src=\"https:\/\/luearaujo.com\/wp-content\/uploads\/2025\/12\/logo-boost-mind-by-lue-araujo-1024x132.webp\" class=\"attachment-large size-large wp-image-1739\" alt=\"\" srcset=\"https:\/\/luearaujo.com\/wp-content\/uploads\/2025\/12\/logo-boost-mind-by-lue-araujo-1024x132.webp 1024w, https:\/\/luearaujo.com\/wp-content\/uploads\/2025\/12\/logo-boost-mind-by-lue-araujo-300x39.webp 300w, https:\/\/luearaujo.com\/wp-content\/uploads\/2025\/12\/logo-boost-mind-by-lue-araujo-768x99.webp 768w, https:\/\/luearaujo.com\/wp-content\/uploads\/2025\/12\/logo-boost-mind-by-lue-araujo.webp 1161w\" sizes=\"(max-width: 800px) 100vw, 800px\" \/>\t\t\t\t\t\t\t\t\t\t\t\t\t\t\t<\/div>\n\t\t\t\t<div class=\"elementor-element elementor-element-0671e67 elementor-widget elementor-widget-button\" data-id=\"0671e67\" data-element_type=\"widget\" data-e-type=\"widget\" data-widget_type=\"button.default\">\n\t\t\t\t\t\t\t\t\t\t<a class=\"elementor-button elementor-button-link elementor-size-sm\" href=\"https:\/\/luearaujo.com\/en\/\">\n\t\t\t\t\t\t<span class=\"elementor-button-content-wrapper\">\n\t\t\t\t\t\t<span class=\"elementor-button-icon\">\n\t\t\t\t<svg aria-hidden=\"true\" class=\"e-font-icon-svg e-fas-arrow-left\" viewbox=\"0 0 448 512\" xmlns=\"http:\/\/www.w3.org\/2000\/svg\"><path d=\"M257.5 445.1l-22.2 22.2c-9.4 9.4-24.6 9.4-33.9 0L7 273c-9.4-9.4-9.4-24.6 0-33.9L201.4 44.7c9.4-9.4 24.6-9.4 33.9 0l22.2 22.2c9.5 9.5 9.3 25-.4 34.3L136.6 216H424c13.3 0 24 10.7 24 24v32c0 13.3-10.7 24-24 24H136.6l120.5 114.8c9.8 9.3 10 24.8.4 34.3z\"><\/path><\/svg>\t\t\t<\/span>\n\t\t\t\t\t\t\t\t\t<span class=\"elementor-button-text\">Volver al inicio<\/span>\n\t\t\t\t\t<\/span>\n\t\t\t\t\t<\/a>\n\t\t\t\t\t\t\t\t<\/div>\n\t\t\t\t<\/div>\n\t\t<div class=\"elementor-element elementor-element-3b8d8e9 e-con-full e-flex e-con e-child\" data-id=\"3b8d8e9\" data-element_type=\"container\" data-e-type=\"container\" data-settings=\"{&quot;background_background&quot;:&quot;classic&quot;}\">\n\t\t\t\t<div class=\"elementor-element elementor-element-04a8e07 elementor-widget elementor-widget-heading\" data-id=\"04a8e07\" data-element_type=\"widget\" data-e-type=\"widget\" data-widget_type=\"heading.default\">\n\t\t\t\t\t<h1 class=\"elementor-heading-title elementor-size-default\">Quantum Growth\u200b<\/h1>\t\t\t\t<\/div>\n\t\t\t\t<div class=\"elementor-element elementor-element-178dd25 elementor-widget elementor-widget-text-editor\" data-id=\"178dd25\" data-element_type=\"widget\" data-e-type=\"widget\" data-widget_type=\"text-editor.default\">\n\t\t\t\t\t\t\t\t\t<p>Mastermind grupal estrat\u00e9gico exclusivo para crecimiento exponencial 10X mediante el poder colectivo.<\/p>\t\t\t\t\t\t\t\t<\/div>\n\t\t\t\t<div class=\"elementor-element elementor-element-d984d99 elementor-widget-divider--view-line elementor-widget elementor-widget-divider\" data-id=\"d984d99\" data-element_type=\"widget\" data-e-type=\"widget\" data-widget_type=\"divider.default\">\n\t\t\t\t\t\t\t<div class=\"elementor-divider\">\n\t\t\t<span class=\"elementor-divider-separator\">\n\t\t\t\t\t\t<\/span>\n\t\t<\/div>\n\t\t\t\t\t\t<\/div>\n\t\t\t\t<div class=\"elementor-element elementor-element-76374b7 elementor-widget elementor-widget-heading\" data-id=\"76374b7\" data-element_type=\"widget\" data-e-type=\"widget\" data-widget_type=\"heading.default\">\n\t\t\t\t\t<h2 class=\"elementor-heading-title elementor-size-default\">Completa el siguiente formulario para comenzar con tu transformaci\u00f3n:<\/h2>\t\t\t\t<\/div>\n\t\t\t\t<div class=\"elementor-element elementor-element-71bb21b elementor-button-align-stretch elementor-widget elementor-widget-form\" data-id=\"71bb21b\" data-element_type=\"widget\" data-e-type=\"widget\" data-settings=\"{&quot;step_next_label&quot;:&quot;Next&quot;,&quot;step_previous_label&quot;:&quot;Previous&quot;,&quot;button_width&quot;:&quot;100&quot;,&quot;step_type&quot;:&quot;number_text&quot;,&quot;step_icon_shape&quot;:&quot;circle&quot;}\" data-widget_type=\"form.default\">\n\t\t\t\t\t\t\t<form class=\"elementor-form\" method=\"post\" name=\"Formulario Quantum Growth\" aria-label=\"Formulario Quantum Growth\" action=\"\">\n\t\t\t<input type=\"hidden\" name=\"post_id\" value=\"1035\"\/>\n\t\t\t<input type=\"hidden\" name=\"form_id\" value=\"71bb21b\"\/>\n\t\t\t<input type=\"hidden\" name=\"referer_title\" value=\"Formulario Quantum Growth - Lue Araujo\" \/>\n\n\t\t\t\t\t\t\t<input type=\"hidden\" name=\"queried_id\" value=\"1035\"\/>\n\t\t\t\n\t\t\t<div class=\"elementor-form-fields-wrapper elementor-labels-above\">\n\t\t\t\t\t\t\t\t<div class=\"elementor-field-type-radio elementor-field-group elementor-column elementor-field-group-name elementor-col-100 elementor-field-required\">\n\t\t\t\t\t\t\t\t\t\t\t\t<label for=\"form-field-name\" class=\"elementor-field-label\">\n\t\t\t\t\t\t\t\t1. \u00bfCu\u00e1l es tu motivaci\u00f3n principal para unirte a un c\u00edrculo de solo 12 visionarios?\t\t\t\t\t\t\t<\/label>\n\t\t\t\t\t\t<div class=\"elementor-field-subgroup\"><span class=\"elementor-field-option\"><input type=\"radio\" value=\"A) Expandir mi contexto: Quiero rodearme de mentes que jueguen juegos m\u00e1s grandes que el m\u00edo.\" id=\"form-field-name-0\" name=\"form_fields[name]\" required=\"required\"> <label for=\"form-field-name-0\">A) Expandir mi contexto: Quiero rodearme de mentes que jueguen juegos m\u00e1s grandes que el m\u00edo.<\/label><\/span><span class=\"elementor-field-option\"><input type=\"radio\" value=\"B) Soledad: Necesito una comunidad porque emprender solo es muy dif\u00edcil.\" id=\"form-field-name-1\" name=\"form_fields[name]\" required=\"required\"> <label for=\"form-field-name-1\">B) Soledad: Necesito una comunidad porque emprender solo es muy dif\u00edcil.<\/label><\/span><span class=\"elementor-field-option\"><input type=\"radio\" value=\"C) Ventas: Busco un grupo donde pueda ofrecer mis servicios y conseguir clientes r\u00e1pidamente.\" id=\"form-field-name-2\" name=\"form_fields[name]\" required=\"required\"> <label for=\"form-field-name-2\">C) Ventas: Busco un grupo donde pueda ofrecer mis servicios y conseguir clientes r\u00e1pidamente.<\/label><\/span><\/div>\t\t\t\t<\/div>\n\t\t\t\t\t\t\t\t<div class=\"elementor-field-type-radio elementor-field-group elementor-column elementor-field-group-field_d8677d8 elementor-col-100 elementor-field-required\">\n\t\t\t\t\t\t\t\t\t\t\t\t<label for=\"form-field-field_d8677d8\" class=\"elementor-field-label\">\n\t\t\t\t\t\t\t\t2. \u00bfEn qu\u00e9 punto te encuentras respecto a tu \"NEXT\" o siguiente nivel?\t\t\t\t\t\t\t<\/label>\n\t\t\t\t\t\t<div class=\"elementor-field-subgroup\"><span class=\"elementor-field-option\"><input type=\"radio\" value=\"A) He alcanzado un gran \u00e9xito y estabilidad, pero siento que esto es solo el comienzo y quiero dise\u00f1ar un legado mayor. \" id=\"form-field-field_d8677d8-0\" name=\"form_fields[field_d8677d8]\" required=\"required\"> <label for=\"form-field-field_d8677d8-0\">A) He alcanzado un gran \u00e9xito y estabilidad, pero siento que esto es solo el comienzo y quiero dise\u00f1ar un legado mayor. <\/label><\/span><span class=\"elementor-field-option\"><input type=\"radio\" value=\"B) Me siento estancado en un nivel alto, tengo los recursos pero he perdido la claridad estrat\u00e9gica o la pasi\u00f3n. \" id=\"form-field-field_d8677d8-1\" name=\"form_fields[field_d8677d8]\" required=\"required\"> <label for=\"form-field-field_d8677d8-1\">B) Me siento estancado en un nivel alto, tengo los recursos pero he perdido la claridad estrat\u00e9gica o la pasi\u00f3n. <\/label><\/span><span class=\"elementor-field-option\"><input type=\"radio\" value=\"C) Estoy en etapa de construcci\u00f3n inicial, enfocado en la creaci\u00f3n y rentabilidad de mi negocio. \" id=\"form-field-field_d8677d8-2\" name=\"form_fields[field_d8677d8]\" required=\"required\"> <label for=\"form-field-field_d8677d8-2\">C) Estoy en etapa de construcci\u00f3n inicial, enfocado en la creaci\u00f3n y rentabilidad de mi negocio. <\/label><\/span><\/div>\t\t\t\t<\/div>\n\t\t\t\t\t\t\t\t<div class=\"elementor-field-type-radio elementor-field-group elementor-column elementor-field-group-field_d334a25 elementor-col-100 elementor-field-required\">\n\t\t\t\t\t\t\t\t\t\t\t\t<label for=\"form-field-field_d334a25\" class=\"elementor-field-label\">\n\t\t\t\t\t\t\t\t3. En la filosof\u00eda de \"Mindset 10X\", \u00bfqu\u00e9 est\u00e1s dispuesto a aportar al grupo?\t\t\t\t\t\t\t<\/label>\n\t\t\t\t\t\t<div class=\"elementor-field-subgroup\"><span class=\"elementor-field-option\"><input type=\"radio\" value=\"A) Mi experiencia, mis errores, mis conexiones y una honestidad brutal para ayudar a otros a crecer.\" id=\"form-field-field_d334a25-0\" name=\"form_fields[field_d334a25]\" required=\"required\"> <label for=\"form-field-field_d334a25-0\">A) Mi experiencia, mis errores, mis conexiones y una honestidad brutal para ayudar a otros a crecer.<\/label><\/span><span class=\"elementor-field-option\"><input type=\"radio\" value=\"B) Mi capacidad de escucha y aprendizaje pasivo.\" id=\"form-field-field_d334a25-1\" name=\"form_fields[field_d334a25]\" required=\"required\"> <label for=\"form-field-field_d334a25-1\">B) Mi capacidad de escucha y aprendizaje pasivo.<\/label><\/span><span class=\"elementor-field-option\"><input type=\"radio\" value=\"C) No estoy seguro de qu\u00e9 puedo aportar a l\u00edderes de alto nivel.\" id=\"form-field-field_d334a25-2\" name=\"form_fields[field_d334a25]\" required=\"required\"> <label for=\"form-field-field_d334a25-2\">C) No estoy seguro de qu\u00e9 puedo aportar a l\u00edderes de alto nivel.<\/label><\/span><\/div>\t\t\t\t<\/div>\n\t\t\t\t\t\t\t\t<div class=\"elementor-field-type-radio elementor-field-group elementor-column elementor-field-group-field_1f9b562 elementor-col-100 elementor-field-required\">\n\t\t\t\t\t\t\t\t\t\t\t\t<label for=\"form-field-field_1f9b562\" class=\"elementor-field-label\">\n\t\t\t\t\t\t\t\t4. El programa dura 6 meses. \u00bfCu\u00e1l es tu disponibilidad real?\t\t\t\t\t\t\t<\/label>\n\t\t\t\t\t\t<div class=\"elementor-field-subgroup\"><span class=\"elementor-field-option\"><input type=\"radio\" value=\"A) Compromiso total: Bloquear\u00e9 mi agenda porque entiendo que mi crecimiento es la prioridad #1.\" id=\"form-field-field_1f9b562-0\" name=\"form_fields[field_1f9b562]\" required=\"required\"> <label for=\"form-field-field_1f9b562-0\">A) Compromiso total: Bloquear\u00e9 mi agenda porque entiendo que mi crecimiento es la prioridad #1.<\/label><\/span><span class=\"elementor-field-option\"><input type=\"radio\" value=\"B) Intentar\u00e9 asistir, pero mi operativa diaria suele consumirme.\" id=\"form-field-field_1f9b562-1\" name=\"form_fields[field_1f9b562]\" required=\"required\"> <label for=\"form-field-field_1f9b562-1\">B) Intentar\u00e9 asistir, pero mi operativa diaria suele consumirme.<\/label><\/span><span class=\"elementor-field-option\"><input type=\"radio\" value=\"C) Busco algo flexible que pueda ver grabado cuando tenga tiempo libre.\" id=\"form-field-field_1f9b562-2\" name=\"form_fields[field_1f9b562]\" required=\"required\"> <label for=\"form-field-field_1f9b562-2\">C) Busco algo flexible que pueda ver grabado cuando tenga tiempo libre.<\/label><\/span><\/div>\t\t\t\t<\/div>\n\t\t\t\t\t\t\t\t<div class=\"elementor-field-type-radio elementor-field-group elementor-column elementor-field-group-field_9b682fa elementor-col-100 elementor-field-required\">\n\t\t\t\t\t\t\t\t\t\t\t\t<label for=\"form-field-field_9b682fa\" class=\"elementor-field-label\">\n\t\t\t\t\t\t\t\t5. \u00bfCuentas con el capital para invertir en una membres\u00eda de alto valor sin poner en riesgo tu estabilidad financiera actual?\t\t\t\t\t\t\t<\/label>\n\t\t\t\t\t\t<div class=\"elementor-field-subgroup\"><span class=\"elementor-field-option\"><input type=\"radio\" value=\"A) S\u00ed, la inversi\u00f3n en mi c\u00edrculo de influencia es una prioridad en mi presupuesto.\" id=\"form-field-field_9b682fa-0\" name=\"form_fields[field_9b682fa]\" required=\"required\"> <label for=\"form-field-field_9b682fa-0\">A) S\u00ed, la inversi\u00f3n en mi c\u00edrculo de influencia es una prioridad en mi presupuesto.<\/label><\/span><span class=\"elementor-field-option\"><input type=\"radio\" value=\"B) Podr\u00eda hacerlo, pero requerir\u00eda un plan de financiaci\u00f3n extendido.\" id=\"form-field-field_9b682fa-1\" name=\"form_fields[field_9b682fa]\" required=\"required\"> <label for=\"form-field-field_9b682fa-1\">B) Podr\u00eda hacerlo, pero requerir\u00eda un plan de financiaci\u00f3n extendido.<\/label><\/span><span class=\"elementor-field-option\"><input type=\"radio\" value=\"C) No en este momento.\" id=\"form-field-field_9b682fa-2\" name=\"form_fields[field_9b682fa]\" required=\"required\"> <label for=\"form-field-field_9b682fa-2\">C) No en este momento.<\/label><\/span><\/div>\t\t\t\t<\/div>\n\t\t\t\t\t\t\t\t<div class=\"elementor-field-type-email elementor-field-group elementor-column elementor-field-group-email elementor-col-100 elementor-field-required\">\n\t\t\t\t\t\t\t\t\t\t\t\t<label for=\"form-field-email\" class=\"elementor-field-label\">\n\t\t\t\t\t\t\t\tEmail\t\t\t\t\t\t\t<\/label>\n\t\t\t\t\t\t\t\t\t\t\t\t\t\t<input size=\"1\" type=\"email\" name=\"form_fields[email]\" id=\"form-field-email\" class=\"elementor-field elementor-size-md  elementor-field-textual\" required=\"required\">\n\t\t\t\t\t\t\t\t\t\t\t<\/div>\n\t\t\t\t\t\t\t\t<div class=\"elementor-field-type-text\">\n\t\t\t\t\t<input size=\"1\" type=\"text\" name=\"form_fields[field_0f7b084]\" id=\"form-field-field_0f7b084\" class=\"elementor-field elementor-size-md\" style=\"display:none !important;\">\t\t\t\t<\/div>\n\t\t\t\t\t\t\t\t<div class=\"elementor-field-group elementor-column elementor-field-type-submit elementor-col-100 e-form__buttons\">\n\t\t\t\t\t<button class=\"elementor-button elementor-size-sm\" type=\"submit\">\n\t\t\t\t\t\t<span class=\"elementor-button-content-wrapper\">\n\t\t\t\t\t\t\t\t\t\t\t\t\t\t\t\t\t\t\t\t\t\t<span class=\"elementor-button-text\">Iniciar transformaci\u00f3n<\/span>\n\t\t\t\t\t\t\t\t\t\t\t\t\t<\/span>\n\t\t\t\t\t<\/button>\n\t\t\t\t<\/div>\n\t\t\t<\/div>\n\t\t<input type=\"hidden\" name=\"trp-form-language\" value=\"en\"\/><\/form>\n\t\t\t\t\t\t<\/div>\n\t\t\t\t<\/div>\n\t\t\t\t\t<\/div>\n\t\t\t\t<\/div>\n\t\t\t\t<\/div>","protected":false},"excerpt":{"rendered":"<p>Volver al inicio Quantum Growth\u200b Mastermind grupal estrat\u00e9gico exclusivo para crecimiento exponencial 10X mediante el poder colectivo. Completa el siguiente formulario para comenzar con tu transformaci\u00f3n:<\/p>","protected":false},"author":1,"featured_media":0,"parent":0,"menu_order":0,"comment_status":"closed","ping_status":"closed","template":"elementor_canvas","meta":{"content-type":"","footnotes":""},"class_list":["post-1035","page","type-page","status-publish","hentry"],"yoast_head":"<!-- This site is optimized with the Yoast SEO plugin v27.2 - https:\/\/yoast.com\/product\/yoast-seo-wordpress\/ -->\n<title>Formulario Quantum Growth - Lue Araujo<\/title>\n<meta name=\"robots\" content=\"index, follow, max-snippet:-1, max-image-preview:large, max-video-preview:-1\" \/>\n<link rel=\"canonical\" href=\"https:\/\/luearaujo.com\/en\/formulario-quantum-growth\/\" \/>\n<meta property=\"og:locale\" content=\"en_US\" \/>\n<meta property=\"og:type\" content=\"article\" \/>\n<meta property=\"og:title\" content=\"Formulario Quantum Growth - Lue Araujo\" \/>\n<meta property=\"og:description\" content=\"Volver al inicio Quantum Growth\u200b Mastermind grupal estrat\u00e9gico exclusivo para crecimiento exponencial 10X mediante el poder colectivo. Completa el siguiente formulario para comenzar con tu transformaci\u00f3n:\" \/>\n<meta property=\"og:url\" content=\"https:\/\/luearaujo.com\/en\/formulario-quantum-growth\/\" \/>\n<meta property=\"og:site_name\" content=\"Lue Araujo\" \/>\n<meta property=\"article:modified_time\" content=\"2026-02-17T20:25:51+00:00\" \/>\n<meta property=\"og:image\" content=\"https:\/\/luearaujo.com\/wp-content\/uploads\/2025\/12\/logo-boost-mind-by-lue-araujo.webp\" \/>\n\t<meta property=\"og:image:width\" content=\"1161\" \/>\n\t<meta property=\"og:image:height\" content=\"150\" \/>\n\t<meta property=\"og:image:type\" content=\"image\/webp\" \/>\n<meta name=\"twitter:card\" content=\"summary_large_image\" \/>\n<meta name=\"twitter:label1\" content=\"Est. reading time\" \/>\n\t<meta name=\"twitter:data1\" content=\"2 minutes\" \/>\n<script type=\"application\/ld+json\" class=\"yoast-schema-graph\">{\"@context\":\"https:\/\/schema.org\",\"@graph\":[{\"@type\":\"WebPage\",\"@id\":\"https:\/\/luearaujo.com\/formulario-quantum-growth\/\",\"url\":\"https:\/\/luearaujo.com\/formulario-quantum-growth\/\",\"name\":\"Formulario Quantum Growth - Lue Araujo\",\"isPartOf\":{\"@id\":\"https:\/\/luearaujo.com\/#website\"},\"primaryImageOfPage\":{\"@id\":\"https:\/\/luearaujo.com\/formulario-quantum-growth\/#primaryimage\"},\"image\":{\"@id\":\"https:\/\/luearaujo.com\/formulario-quantum-growth\/#primaryimage\"},\"thumbnailUrl\":\"https:\/\/luearaujo.com\/wp-content\/uploads\/2025\/12\/logo-boost-mind-by-lue-araujo-1024x132.webp\",\"datePublished\":\"2025-12-09T02:03:24+00:00\",\"dateModified\":\"2026-02-17T20:25:51+00:00\",\"breadcrumb\":{\"@id\":\"https:\/\/luearaujo.com\/formulario-quantum-growth\/#breadcrumb\"},\"inLanguage\":\"en-US\",\"potentialAction\":[{\"@type\":\"ReadAction\",\"target\":[\"https:\/\/luearaujo.com\/formulario-quantum-growth\/\"]}]},{\"@type\":\"ImageObject\",\"inLanguage\":\"en-US\",\"@id\":\"https:\/\/luearaujo.com\/formulario-quantum-growth\/#primaryimage\",\"url\":\"https:\/\/luearaujo.com\/wp-content\/uploads\/2025\/12\/logo-boost-mind-by-lue-araujo-1024x132.webp\",\"contentUrl\":\"https:\/\/luearaujo.com\/wp-content\/uploads\/2025\/12\/logo-boost-mind-by-lue-araujo-1024x132.webp\"},{\"@type\":\"BreadcrumbList\",\"@id\":\"https:\/\/luearaujo.com\/formulario-quantum-growth\/#breadcrumb\",\"itemListElement\":[{\"@type\":\"ListItem\",\"position\":1,\"name\":\"Portada\",\"item\":\"https:\/\/luearaujo.com\/\"},{\"@type\":\"ListItem\",\"position\":2,\"name\":\"Formulario Quantum Growth\"}]},{\"@type\":\"WebSite\",\"@id\":\"https:\/\/luearaujo.com\/#website\",\"url\":\"https:\/\/luearaujo.com\/\",\"name\":\"Lue Araujo\",\"description\":\"| Transformaci\u00f3n de Mindset para L\u00edderes Visionarios\",\"publisher\":{\"@id\":\"https:\/\/luearaujo.com\/#organization\"},\"potentialAction\":[{\"@type\":\"SearchAction\",\"target\":{\"@type\":\"EntryPoint\",\"urlTemplate\":\"https:\/\/luearaujo.com\/?s={search_term_string}\"},\"query-input\":{\"@type\":\"PropertyValueSpecification\",\"valueRequired\":true,\"valueName\":\"search_term_string\"}}],\"inLanguage\":\"en-US\"},{\"@type\":\"Organization\",\"@id\":\"https:\/\/luearaujo.com\/#organization\",\"name\":\"Lue Araujo\",\"url\":\"https:\/\/luearaujo.com\/\",\"logo\":{\"@type\":\"ImageObject\",\"inLanguage\":\"en-US\",\"@id\":\"https:\/\/luearaujo.com\/#\/schema\/logo\/image\/\",\"url\":\"https:\/\/luearaujo.com\/wp-content\/uploads\/2025\/12\/Logo_Master-Signature_positivo-scaled.png\",\"contentUrl\":\"https:\/\/luearaujo.com\/wp-content\/uploads\/2025\/12\/Logo_Master-Signature_positivo-scaled.png\",\"width\":2560,\"height\":472,\"caption\":\"Lue Araujo\"},\"image\":{\"@id\":\"https:\/\/luearaujo.com\/#\/schema\/logo\/image\/\"},\"sameAs\":[\"https:\/\/www.instagram.com\/luearaujo\/\",\"https:\/\/www.linkedin.com\/in\/luearaujo\/\",\"https:\/\/www.youtube.com\/@lue_araujo\"]}]}<\/script>\n<!-- \/ Yoast SEO plugin. -->","yoast_head_json":{"title":"Formulario Quantum Growth - Lue Araujo","robots":{"index":"index","follow":"follow","max-snippet":"max-snippet:-1","max-image-preview":"max-image-preview:large","max-video-preview":"max-video-preview:-1"},"canonical":"https:\/\/luearaujo.com\/en\/formulario-quantum-growth\/","og_locale":"en_US","og_type":"article","og_title":"Formulario Quantum Growth - Lue Araujo","og_description":"Volver al inicio Quantum Growth\u200b Mastermind grupal estrat\u00e9gico exclusivo para crecimiento exponencial 10X mediante el poder colectivo. Completa el siguiente formulario para comenzar con tu transformaci\u00f3n:","og_url":"https:\/\/luearaujo.com\/en\/formulario-quantum-growth\/","og_site_name":"Lue Araujo","article_modified_time":"2026-02-17T20:25:51+00:00","og_image":[{"width":1161,"height":150,"url":"https:\/\/luearaujo.com\/wp-content\/uploads\/2025\/12\/logo-boost-mind-by-lue-araujo.webp","type":"image\/webp"}],"twitter_card":"summary_large_image","twitter_misc":{"Est. reading time":"2 minutes"},"schema":{"@context":"https:\/\/schema.org","@graph":[{"@type":"WebPage","@id":"https:\/\/luearaujo.com\/formulario-quantum-growth\/","url":"https:\/\/luearaujo.com\/formulario-quantum-growth\/","name":"Formulario Quantum Growth - Lue Araujo","isPartOf":{"@id":"https:\/\/luearaujo.com\/#website"},"primaryImageOfPage":{"@id":"https:\/\/luearaujo.com\/formulario-quantum-growth\/#primaryimage"},"image":{"@id":"https:\/\/luearaujo.com\/formulario-quantum-growth\/#primaryimage"},"thumbnailUrl":"https:\/\/luearaujo.com\/wp-content\/uploads\/2025\/12\/logo-boost-mind-by-lue-araujo-1024x132.webp","datePublished":"2025-12-09T02:03:24+00:00","dateModified":"2026-02-17T20:25:51+00:00","breadcrumb":{"@id":"https:\/\/luearaujo.com\/formulario-quantum-growth\/#breadcrumb"},"inLanguage":"en-US","potentialAction":[{"@type":"ReadAction","target":["https:\/\/luearaujo.com\/formulario-quantum-growth\/"]}]},{"@type":"ImageObject","inLanguage":"en-US","@id":"https:\/\/luearaujo.com\/formulario-quantum-growth\/#primaryimage","url":"https:\/\/luearaujo.com\/wp-content\/uploads\/2025\/12\/logo-boost-mind-by-lue-araujo-1024x132.webp","contentUrl":"https:\/\/luearaujo.com\/wp-content\/uploads\/2025\/12\/logo-boost-mind-by-lue-araujo-1024x132.webp"},{"@type":"BreadcrumbList","@id":"https:\/\/luearaujo.com\/formulario-quantum-growth\/#breadcrumb","itemListElement":[{"@type":"ListItem","position":1,"name":"Portada","item":"https:\/\/luearaujo.com\/"},{"@type":"ListItem","position":2,"name":"Formulario Quantum Growth"}]},{"@type":"WebSite","@id":"https:\/\/luearaujo.com\/#website","url":"https:\/\/luearaujo.com\/","name":"Lue Araujo","description":"| Transformaci\u00f3n de Mindset para L\u00edderes Visionarios","publisher":{"@id":"https:\/\/luearaujo.com\/#organization"},"potentialAction":[{"@type":"SearchAction","target":{"@type":"EntryPoint","urlTemplate":"https:\/\/luearaujo.com\/?s={search_term_string}"},"query-input":{"@type":"PropertyValueSpecification","valueRequired":true,"valueName":"search_term_string"}}],"inLanguage":"en-US"},{"@type":"Organization","@id":"https:\/\/luearaujo.com\/#organization","name":"Lue Araujo","url":"https:\/\/luearaujo.com\/","logo":{"@type":"ImageObject","inLanguage":"en-US","@id":"https:\/\/luearaujo.com\/#\/schema\/logo\/image\/","url":"https:\/\/luearaujo.com\/wp-content\/uploads\/2025\/12\/Logo_Master-Signature_positivo-scaled.png","contentUrl":"https:\/\/luearaujo.com\/wp-content\/uploads\/2025\/12\/Logo_Master-Signature_positivo-scaled.png","width":2560,"height":472,"caption":"Lue Araujo"},"image":{"@id":"https:\/\/luearaujo.com\/#\/schema\/logo\/image\/"},"sameAs":["https:\/\/www.instagram.com\/luearaujo\/","https:\/\/www.linkedin.com\/in\/luearaujo\/","https:\/\/www.youtube.com\/@lue_araujo"]}]}},"_links":{"self":[{"href":"https:\/\/luearaujo.com\/en\/wp-json\/wp\/v2\/pages\/1035","targetHints":{"allow":["GET"]}}],"collection":[{"href":"https:\/\/luearaujo.com\/en\/wp-json\/wp\/v2\/pages"}],"about":[{"href":"https:\/\/luearaujo.com\/en\/wp-json\/wp\/v2\/types\/page"}],"author":[{"embeddable":true,"href":"https:\/\/luearaujo.com\/en\/wp-json\/wp\/v2\/users\/1"}],"replies":[{"embeddable":true,"href":"https:\/\/luearaujo.com\/en\/wp-json\/wp\/v2\/comments?post=1035"}],"version-history":[{"count":21,"href":"https:\/\/luearaujo.com\/en\/wp-json\/wp\/v2\/pages\/1035\/revisions"}],"predecessor-version":[{"id":2860,"href":"https:\/\/luearaujo.com\/en\/wp-json\/wp\/v2\/pages\/1035\/revisions\/2860"}],"wp:attachment":[{"href":"https:\/\/luearaujo.com\/en\/wp-json\/wp\/v2\/media?parent=1035"}],"curies":[{"name":"wp","href":"https:\/\/api.w.org\/{rel}","templated":true}]}}